{"id":1501,"date":"2017-09-03T12:02:49","date_gmt":"2017-09-03T12:02:49","guid":{"rendered":"https:\/\/localhost\/?page_id=26"},"modified":"2023-08-14T16:01:34","modified_gmt":"2023-08-14T16:01:34","slug":"about-2","status":"publish","type":"page","link":"https:\/\/leman-yoga.org\/?page_id=1501","title":{"rendered":"TAO \/ Pilates"},"content":{"rendered":"<p><img loading=\"lazy\" decoding=\"async\" class=\"alignnone wp-image-1554 size-full\" src=\"https:\/\/leman-yoga.org\/wp-content\/uploads\/2017\/10\/yoga6.jpg\" alt=\"\" width=\"800\" height=\"485\" srcset=\"https:\/\/leman-yoga.org\/wp-content\/uploads\/2017\/10\/yoga6.jpg 800w, https:\/\/leman-yoga.org\/wp-content\/uploads\/2017\/10\/yoga6-300x182.jpg 300w, https:\/\/leman-yoga.org\/wp-content\/uploads\/2017\/10\/yoga6-768x466.jpg 768w\" sizes=\"auto, (max-width: 767px) 89vw, (max-width: 1000px) 54vw, (max-width: 1071px) 543px, 580px\" \/><\/p>\n<h1>La m\u00e9thode Pilates<\/h1>\n<p>\u2018\u2018Une bonne sant\u00e9 est un \u00e9tat naturel. Il est de notre devoir d\u2019y acc\u00e9der et de la conserver \u00bb Joseph Pilates.<\/p>\n<p>Le Pilates est devenu une discipline tr\u00e8s pris\u00e9e par le grand public, reconnu par des professionnels de la sant\u00e9 et de plus en plus pr\u00e9sent dans le secteur de la remise en forme.<\/p>\n<p>Son succ\u00e8s repose sur le renforcement m\u00e9thodique des muscles profonds qui r\u00e9\u00e9quilibre les diff\u00e9rents groupes musculaires, r\u00e9aligne la posture et permet de bouger de mani\u00e8re plus naturelle et plus fluide.<\/p>\n<p>Cette discipline est bas\u00e9e sur 6 principes essentiels : la Concentration, le Contr\u00f4le, le Centre, la Fluidit\u00e9 du mouvement, la Coordination et la Respiration.<\/p>\n<p>Les exercices se font en synergie avec les muscles de l\u2019abdomen et du dos, tout en respectant votre courbure lombaire. La m\u00e9thode vous apportera un bel \u00e9quilibre musculaire, donc une meilleure posture et des muscles qui se dessinent. Elle augmentera votre force et am\u00e9liorera votre libert\u00e9 de mouvement gr\u00e2ce \u00e0 l\u2019allongement et la tonification des muscles.<\/p>\n<p>Le programme \u00e9tant doux et \u00e9volutif, il est peu traumatisant pour le corps. Il inclut des \u00e9tirements amples qui lib\u00e8rent les tensions et prot\u00e8gent les articulations. Avec 5 participants dans les cours, l\u2019enseignante est attentive \u00e0 la bonne ex\u00e9cution de chaque mouvement selon l\u2019\u00e2ge et la condition physique du pratiquant.<\/p>\n<p>Diff\u00e9rents accessoires sont utilis\u00e9s lors des cours collectifs : le ballon (swiss ball), le cercle magique, la bande \u00e9lastique, le rouleau Pilates, le 1\/2 baril.<\/p>\n<hr \/>\n<h1><strong>Dans les cours de TAO le Yoga et la m\u00e9thode Pilates trouvent leur \u00e9quilibre<\/strong><\/h1>\n<p>T\u00e9moignages\u00a0:<\/p>\n<p><em>\u00ab\u00a0Pour moi le TAO est un ressourcement. Il me permettant de m\u2019aligner gr\u00e2ce \u00e0 la puissance de la respiration, de me r\u00e9approprier l\u2019essentiel de mon existence, l\u2019instant pr\u00e9sent\u00a0!\u00a0\u00bb. AL<\/em><\/p>\n<p><em>\u00ab\u00a0Le Tao me permet d\u2019am\u00e9liorer ma concentration, de mieux g\u00e9rer mon stress et mes \u00e9motions.<\/em><\/p>\n<p><em>Il me permet de me relier \u00e0 moi-m\u00eame et \u00e0 tout ce qui m\u2019entoure.\u00a0<\/em><\/p>\n<p><em>Vivre dans le moment pr\u00e9sent\u00a0\u00bb. MB<\/em><\/p>\n<p><em>\u00ab\u00a0Je trouve que la r\u00e9p\u00e9tition des m\u00eames exercices sur plusieurs s\u00e9ances est b\u00e9n\u00e9fique car elle me donne du temps pour approfondir ma pratique et me l\u2019approprier. Je ressens un bien-\u00eatre physique et mental\u00a0: respiration plus consciente, d\u00e9tente du corps et calme mental. Cela infuse dans mon quotidien\u00a0\u00bb. M-J R <\/em><\/p>\n<p>En apprenant \u00e0 aborder la vie de tous les jours sans stress et sans fatigue en harmonie avec la nature et l\u2019environnement, on peut retrouver un \u00e9quilibre physique et \u00e9motionnel.<\/p>\n<p>Qu&rsquo;importe les mots, les faits demeurent.<\/p>\n<h1><a href=\"https:\/\/leman-yoga.org\/wp-content\/uploads\/2018\/08\/XCUV2739.jpg\"><img loading=\"lazy\" decoding=\"async\" class=\"alignnone wp-image-2030 size-large\" src=\"https:\/\/leman-yoga.org\/wp-content\/uploads\/2018\/08\/XCUV2739-e1533838040473-1024x585.jpg\" alt=\"\" width=\"1024\" height=\"585\" srcset=\"https:\/\/leman-yoga.org\/wp-content\/uploads\/2018\/08\/XCUV2739-e1533838040473-1024x585.jpg 1024w, https:\/\/leman-yoga.org\/wp-content\/uploads\/2018\/08\/XCUV2739-e1533838040473-300x171.jpg 300w, https:\/\/leman-yoga.org\/wp-content\/uploads\/2018\/08\/XCUV2739-e1533838040473-768x439.jpg 768w, https:\/\/leman-yoga.org\/wp-content\/uploads\/2018\/08\/XCUV2739-e1533838040473.jpg 1596w\" sizes=\"auto, (max-width: 767px) 89vw, (max-width: 1000px) 54vw, (max-width: 1071px) 543px, 580px\" \/><\/a><\/h1>\n","protected":false},"excerpt":{"rendered":"<p>La m\u00e9thode Pilates \u2018\u2018Une bonne sant\u00e9 est un \u00e9tat naturel. Il est de notre devoir d\u2019y acc\u00e9der et de la conserver \u00bb Joseph Pilates. Le Pilates est devenu une discipline tr\u00e8s pris\u00e9e par le grand public, reconnu par des professionnels de la sant\u00e9 et de plus en plus pr\u00e9sent dans le secteur de la remise &hellip; <\/p>\n<p class=\"link-more\"><a href=\"https:\/\/leman-yoga.org\/?page_id=1501\" class=\"more-link\">Continuer la lecture<span class=\"screen-reader-text\"> de &laquo;&nbsp;TAO \/ Pilates&nbsp;&raquo;<\/span><\/a><\/p>\n","protected":false},"author":1,"featured_media":0,"parent":0,"menu_order":0,"comment_status":"closed","ping_status":"closed","template":"","meta":{"footnotes":""},"class_list":["post-1501","page","type-page","status-publish","hentry"],"_links":{"self":[{"href":"https:\/\/leman-yoga.org\/index.php?rest_route=\/wp\/v2\/pages\/1501","targetHints":{"allow":["GET"]}}],"collection":[{"href":"https:\/\/leman-yoga.org\/index.php?rest_route=\/wp\/v2\/pages"}],"about":[{"href":"https:\/\/leman-yoga.org\/index.php?rest_route=\/wp\/v2\/types\/page"}],"author":[{"embeddable":true,"href":"https:\/\/leman-yoga.org\/index.php?rest_route=\/wp\/v2\/users\/1"}],"replies":[{"embeddable":true,"href":"https:\/\/leman-yoga.org\/index.php?rest_route=%2Fwp%2Fv2%2Fcomments&post=1501"}],"version-history":[{"count":45,"href":"https:\/\/leman-yoga.org\/index.php?rest_route=\/wp\/v2\/pages\/1501\/revisions"}],"predecessor-version":[{"id":3675,"href":"https:\/\/leman-yoga.org\/index.php?rest_route=\/wp\/v2\/pages\/1501\/revisions\/3675"}],"wp:attachment":[{"href":"https:\/\/leman-yoga.org\/index.php?rest_route=%2Fwp%2Fv2%2Fmedia&parent=1501"}],"curies":[{"name":"wp","href":"https:\/\/api.w.org\/{rel}","templated":true}]}}