{"id":1505,"date":"2017-09-03T12:02:49","date_gmt":"2017-09-03T12:02:49","guid":{"rendered":"https:\/\/localhost\/?page_id=28"},"modified":"2025-08-25T10:15:33","modified_gmt":"2025-08-25T10:15:33","slug":"blog","status":"publish","type":"page","link":"https:\/\/leman-yoga.org\/?page_id=1505","title":{"rendered":"Cotisations 2025\/26"},"content":{"rendered":"<table class=\" aligncenter\" style=\"height: 152px;\" border=\"0\" width=\"667\" cellspacing=\"5\">\n<tbody>\n<tr valign=\"top\" bgcolor=\"#b380ff\">\n<td style=\"padding-left: 10px; text-align: center;\" width=\"121\">210 \u20ac le trimestre\u00a0<\/td>\n<\/tr>\n<tr valign=\"top\">\n<td style=\"padding-left: 10px; text-align: center;\" width=\"121\">\n<p>pour 1 cours hebdomadaire avec 5 participants par cours<\/p>\n<\/td>\n<\/tr>\n<tr valign=\"top\" bgcolor=\"#b380ff\">\n<td style=\"padding-left: 10px; text-align: center;\" width=\"121\">En d\u00e9but d&rsquo;ann\u00e9e il est possible de faire 3 cours d&rsquo;essai pour 60 \u20ac<\/td>\n<\/tr>\n<tr valign=\"top\">\n<td style=\"padding-left: 10px; text-align: center;\" width=\"121\">\u00a0<\/td>\n<\/tr>\n<tr valign=\"top\" bgcolor=\"#b380ff\">\n<td style=\"padding-left: 10px; text-align: left;\" colspan=\"4\" width=\"533\">\u00a0<\/td>\n<\/tr>\n<\/tbody>\n<\/table>\n<p style=\"text-align: center;\">Pour int\u00e9grer les cours de PILATES en cours d&rsquo;ann\u00e9e\u00a0<\/p>\n<p style=\"text-align: center;\">1 \u00e0 3 cours priv\u00e9s peuvent \u00eatre n\u00e9cessaires\u00a0 \u00a0<\/p>\n<p style=\"text-align: center;\">60 \u20ac le cours<\/p>\n<p style=\"text-align: center;\">REPRISE DES COURS<\/p>\n<p style=\"text-align: center;\">LUNDI 15 SEPTEMBRE 2025<\/p>\n<p style=\"text-align: center;\">\u00a0<\/p>\n\n\n<figure class=\"wp-block-image size-large\"><a href=\"https:\/\/leman-yoga.org\/wp-content\/uploads\/2023\/09\/IMG-20230429-WA0000.jpg\"><img decoding=\"async\" src=\"https:\/\/leman-yoga.org\/wp-content\/uploads\/2023\/09\/IMG-20230429-WA0000.jpg\" alt=\"\" class=\"wp-image-3595\"\/><\/a><\/figure>\n","protected":false},"excerpt":{"rendered":"<p>210 \u20ac le trimestre\u00a0 pour 1 cours hebdomadaire avec 5 participants par cours En d\u00e9but d&rsquo;ann\u00e9e il est possible de faire 3 cours d&rsquo;essai pour 60 \u20ac \u00a0 \u00a0 Pour int\u00e9grer les cours de PILATES en cours d&rsquo;ann\u00e9e\u00a0 1 \u00e0 3 cours priv\u00e9s peuvent \u00eatre n\u00e9cessaires\u00a0 \u00a0 60 \u20ac le cours REPRISE DES COURS LUNDI &hellip; <\/p>\n<p class=\"link-more\"><a href=\"https:\/\/leman-yoga.org\/?page_id=1505\" class=\"more-link\">Continuer la lecture<span class=\"screen-reader-text\"> de &laquo;&nbsp;Cotisations 2025\/26&nbsp;&raquo;<\/span><\/a><\/p>\n","protected":false},"author":1,"featured_media":0,"parent":1512,"menu_order":0,"comment_status":"closed","ping_status":"closed","template":"","meta":{"footnotes":""},"class_list":["post-1505","page","type-page","status-publish","hentry"],"_links":{"self":[{"href":"https:\/\/leman-yoga.org\/index.php?rest_route=\/wp\/v2\/pages\/1505","targetHints":{"allow":["GET"]}}],"collection":[{"href":"https:\/\/leman-yoga.org\/index.php?rest_route=\/wp\/v2\/pages"}],"about":[{"href":"https:\/\/leman-yoga.org\/index.php?rest_route=\/wp\/v2\/types\/page"}],"author":[{"embeddable":true,"href":"https:\/\/leman-yoga.org\/index.php?rest_route=\/wp\/v2\/users\/1"}],"replies":[{"embeddable":true,"href":"https:\/\/leman-yoga.org\/index.php?rest_route=%2Fwp%2Fv2%2Fcomments&post=1505"}],"version-history":[{"count":127,"href":"https:\/\/leman-yoga.org\/index.php?rest_route=\/wp\/v2\/pages\/1505\/revisions"}],"predecessor-version":[{"id":3846,"href":"https:\/\/leman-yoga.org\/index.php?rest_route=\/wp\/v2\/pages\/1505\/revisions\/3846"}],"up":[{"embeddable":true,"href":"https:\/\/leman-yoga.org\/index.php?rest_route=\/wp\/v2\/pages\/1512"}],"wp:attachment":[{"href":"https:\/\/leman-yoga.org\/index.php?rest_route=%2Fwp%2Fv2%2Fmedia&parent=1505"}],"curies":[{"name":"wp","href":"https:\/\/api.w.org\/{rel}","templated":true}]}}